{"id":4283,"date":"2022-05-03T12:47:09","date_gmt":"2022-05-03T11:47:09","guid":{"rendered":"https:\/\/historieusti2022.ujep.cz\/?page_id=4283"},"modified":"2022-05-05T19:19:45","modified_gmt":"2022-05-05T18:19:45","slug":"po-stopach-saske-renesance","status":"publish","type":"page","link":"https:\/\/historieusti2022.ujep.cz\/en\/doprovodny-program\/po-stopach-saske-renesance\/","title":{"rendered":"Po stop\u00e1ch sask\u00e9 renesance"},"content":{"rendered":"<p><strong><img loading=\"lazy\" class=\"alignright wp-image-4271\" src=\"https:\/\/historieusti2022.ujep.cz\/wp-content\/uploads\/2022\/05\/image4-659x1024.jpg\" alt=\"\" width=\"445\" height=\"691\" srcset=\"https:\/\/historieusti2022.ujep.cz\/wp-content\/uploads\/2022\/05\/image4-659x1024.jpg 659w, https:\/\/historieusti2022.ujep.cz\/wp-content\/uploads\/2022\/05\/image4-193x300.jpg 193w, https:\/\/historieusti2022.ujep.cz\/wp-content\/uploads\/2022\/05\/image4-768x1193.jpg 768w, https:\/\/historieusti2022.ujep.cz\/wp-content\/uploads\/2022\/05\/image4-989x1536.jpg 989w, https:\/\/historieusti2022.ujep.cz\/wp-content\/uploads\/2022\/05\/image4.jpg 1124w\" sizes=\"(max-width: 445px) 100vw, 445px\" \/>Kostel sv. Flori\u00e1na v\u00a0Kr\u00e1sn\u00e9m B\u0159ezn\u011b, kostel sv. Jakuba V\u011bt\u0161\u00edho ve Sv\u00e1dov\u011b, kostel sv. V\u00e1clava ve Valt\u00ed\u0159ov\u011b<\/strong><\/p>\n<p><strong>Garant:<\/strong> PhDr. Petr Hrub\u00fd, N\u00e1rodn\u00ed pam\u00e1tkov\u00fd \u00fastav, \u00daOP v \u00dast\u00ed nad Labem<\/p>\n<p><strong>Term\u00edn:<\/strong> \u010dtvrtek 22. 9., odjezd z kampusu UJEP v 15.00 hod., n\u00e1vrat do kampusu UJEP cca v 18.00 hod. se zast\u00e1vkou u Hlavn\u00edho n\u00e1dra\u017e\u00ed v \u00dast\u00ed nad Labem.<\/p>\n<div style=\"max-width: 480px\" class=\"alert alert-danger\" role=\"alert\"><h5>You have to be logged in to apply for the training program<\/h5><hr><p class=\"mb-0\">Please <a href='\/profil'>sign into<\/a> your profile and visit thist page again<\/p><\/div>\n<p>V\u00a0r\u00e1mci kr\u00e1tk\u00e9 exkurze za pam\u00e1tkami tzv. sask\u00e9 renesance nav\u0161t\u00edv\u00edme kostely, kter\u00e9 vznikly \u010di byly roz\u0161\u00ed\u0159eny d\u00edky don\u00e1torsk\u00e9 \u010dinnosti p\u016fvodn\u011b sask\u00fdch \u0161lechtick\u00fdch rod\u016f, a to B\u00fcnausk\u00fdmi z\u00a0B\u00fcnau a Salhauseny ze Salhausenu. Exkurze se nebude soust\u0159edit pouze na architekturu jednotliv\u00fdch kostel\u016f, ale c\u00edlem bude tak\u00e9 pozn\u00e1n\u00ed pom\u011brn\u011b unik\u00e1tn\u00edho mobili\u00e1\u0159e (olt\u00e1\u0159e, kazatelny, k\u0159titelnice, sepulkr\u00e1ln\u00ed pam\u00e1tky) v\u00a0jednotliv\u00fdch stavb\u00e1ch. Tento mobili\u00e1\u0159 vznikl jako intaktn\u00ed sou\u010d\u00e1st renesan\u010dn\u00edch staveb a je mnohdy d\u00edlem renomovan\u00fdch sask\u00fdch socha\u0159\u016f, nap\u0159. Melchiora Kuntze, Lorenze Hornunga, kte\u0159\u00ed z\u00e1rove\u0148 p\u0159i zpracov\u00e1n\u00ed jednotliv\u00fdch d\u011bl ctili luterskou konfesi objednavatel\u016f.<\/p>\n","protected":false},"excerpt":{"rendered":"<p>Kostel sv. Flori\u00e1na v\u00a0Kr\u00e1sn\u00e9m B\u0159ezn\u011b, kostel sv. Jakuba V\u011bt\u0161\u00edho ve Sv\u00e1dov\u011b, kostel sv. V\u00e1clava ve Valt\u00ed\u0159ov\u011b Garant: PhDr. Petr Hrub\u00fd, N\u00e1rodn\u00ed pam\u00e1tkov\u00fd \u00fastav, \u00daOP v \u00dast\u00ed nad Labem Term\u00edn: \u010dtvrtek 22. 9., odjezd z kampusu UJEP v 15.00 hod., n\u00e1vrat do kampusu UJEP cca v 18.00 hod. se zast\u00e1vkou u Hlavn\u00edho n\u00e1dra\u017e\u00ed v \u00dast\u00ed nad [&hellip;]<\/p>\n","protected":false},"author":1,"featured_media":0,"parent":4266,"menu_order":0,"comment_status":"closed","ping_status":"closed","template":"","meta":[],"_links":{"self":[{"href":"https:\/\/historieusti2022.ujep.cz\/en\/wp-json\/wp\/v2\/pages\/4283"}],"collection":[{"href":"https:\/\/historieusti2022.ujep.cz\/en\/wp-json\/wp\/v2\/pages"}],"about":[{"href":"https:\/\/historieusti2022.ujep.cz\/en\/wp-json\/wp\/v2\/types\/page"}],"author":[{"embeddable":true,"href":"https:\/\/historieusti2022.ujep.cz\/en\/wp-json\/wp\/v2\/users\/1"}],"replies":[{"embeddable":true,"href":"https:\/\/historieusti2022.ujep.cz\/en\/wp-json\/wp\/v2\/comments?post=4283"}],"version-history":[{"count":1,"href":"https:\/\/historieusti2022.ujep.cz\/en\/wp-json\/wp\/v2\/pages\/4283\/revisions"}],"predecessor-version":[{"id":4285,"href":"https:\/\/historieusti2022.ujep.cz\/en\/wp-json\/wp\/v2\/pages\/4283\/revisions\/4285"}],"up":[{"embeddable":true,"href":"https:\/\/historieusti2022.ujep.cz\/en\/wp-json\/wp\/v2\/pages\/4266"}],"wp:attachment":[{"href":"https:\/\/historieusti2022.ujep.cz\/en\/wp-json\/wp\/v2\/media?parent=4283"}],"curies":[{"name":"wp","href":"https:\/\/api.w.org\/{rel}","templated":true}]}}