{"id":4281,"date":"2022-05-03T12:45:22","date_gmt":"2022-05-03T11:45:22","guid":{"rendered":"https:\/\/historieusti2022.ujep.cz\/?page_id=4281"},"modified":"2022-05-05T19:19:27","modified_gmt":"2022-05-05T18:19:27","slug":"pamet-holocaustu-terezin","status":"publish","type":"page","link":"https:\/\/historieusti2022.ujep.cz\/en\/doprovodny-program\/pamet-holocaustu-terezin\/","title":{"rendered":"Pam\u011b\u0165 holocaustu: Terez\u00edn"},"content":{"rendered":"<p><strong><img loading=\"lazy\" class=\"alignright wp-image-4276 \" src=\"https:\/\/historieusti2022.ujep.cz\/wp-content\/uploads\/2022\/05\/image3-1024x768.jpg\" alt=\"\" width=\"437\" height=\"328\" srcset=\"https:\/\/historieusti2022.ujep.cz\/wp-content\/uploads\/2022\/05\/image3-1024x768.jpg 1024w, https:\/\/historieusti2022.ujep.cz\/wp-content\/uploads\/2022\/05\/image3-300x225.jpg 300w, https:\/\/historieusti2022.ujep.cz\/wp-content\/uploads\/2022\/05\/image3-768x576.jpg 768w, https:\/\/historieusti2022.ujep.cz\/wp-content\/uploads\/2022\/05\/image3.jpg 1386w\" sizes=\"(max-width: 437px) 100vw, 437px\" \/>Mal\u00e1 pevnost, Muzeum holocaustu<\/strong><\/p>\n<p><strong>Garant exkurze:<\/strong> Josef M\u00e4rc, katedra historie FF UJEP<\/p>\n<p><strong>Term\u00edn:<\/strong> \u010dtvrtek 22. 9., odjezd z kampusu UJEP v 15.00 hod., n\u00e1vrat do kampusu UJEP cca v 19.00 hod. se zast\u00e1vkou u n\u00e1dra\u017e\u00ed v Lovosic\u00edch a u Hlavn\u00edho n\u00e1dra\u017e\u00ed v \u00dast\u00ed nad Labem.<\/p>\n<div style=\"max-width: 480px\" class=\"alert alert-danger\" role=\"alert\"><h5>You have to be logged in to apply for the training program<\/h5><hr><p class=\"mb-0\">Please <a href='\/profil'>sign into<\/a> your profile and visit thist page again<\/p><\/div>\n<p><strong>Terez\u00ednsk\u00e9 mo\u017enosti, instituce a vzpom\u00ednky<\/strong><\/p>\n<p>Kr\u00e1tk\u00e1 \u201e\u00favodn\u00ed\u201c prohl\u00eddka po m\u00edstech p\u0159ipom\u00edn\u00e1n\u00ed i nep\u0159ipom\u00edn\u00e1n\u00ed \u0161oa v\u00a0prostorech b\u00fdval\u00e9ho terez\u00ednsk\u00e9ho ghetta za doprovodu vybran\u00fdch osobn\u00edch sv\u011bdectv\u00ed a vzpom\u00ednek s\u00a0\u00favahami, jak zprost\u0159edkovat pam\u011b\u0165 m\u00edsta p\u0159edev\u0161\u00edm mlad\u00fdm n\u00e1v\u0161t\u011bvn\u00edk\u016fm.<\/p>\n<p><strong>\u00a0<\/strong><\/p>\n","protected":false},"excerpt":{"rendered":"<p>Mal\u00e1 pevnost, Muzeum holocaustu Garant exkurze: Josef M\u00e4rc, katedra historie FF UJEP Term\u00edn: \u010dtvrtek 22. 9., odjezd z kampusu UJEP v 15.00 hod., n\u00e1vrat do kampusu UJEP cca v 19.00 hod. se zast\u00e1vkou u n\u00e1dra\u017e\u00ed v Lovosic\u00edch a u Hlavn\u00edho n\u00e1dra\u017e\u00ed v \u00dast\u00ed nad Labem. Terez\u00ednsk\u00e9 mo\u017enosti, instituce a vzpom\u00ednky Kr\u00e1tk\u00e1 \u201e\u00favodn\u00ed\u201c prohl\u00eddka po m\u00edstech [&hellip;]<\/p>\n","protected":false},"author":1,"featured_media":0,"parent":4266,"menu_order":0,"comment_status":"closed","ping_status":"closed","template":"","meta":[],"_links":{"self":[{"href":"https:\/\/historieusti2022.ujep.cz\/en\/wp-json\/wp\/v2\/pages\/4281"}],"collection":[{"href":"https:\/\/historieusti2022.ujep.cz\/en\/wp-json\/wp\/v2\/pages"}],"about":[{"href":"https:\/\/historieusti2022.ujep.cz\/en\/wp-json\/wp\/v2\/types\/page"}],"author":[{"embeddable":true,"href":"https:\/\/historieusti2022.ujep.cz\/en\/wp-json\/wp\/v2\/users\/1"}],"replies":[{"embeddable":true,"href":"https:\/\/historieusti2022.ujep.cz\/en\/wp-json\/wp\/v2\/comments?post=4281"}],"version-history":[{"count":1,"href":"https:\/\/historieusti2022.ujep.cz\/en\/wp-json\/wp\/v2\/pages\/4281\/revisions"}],"predecessor-version":[{"id":4282,"href":"https:\/\/historieusti2022.ujep.cz\/en\/wp-json\/wp\/v2\/pages\/4281\/revisions\/4282"}],"up":[{"embeddable":true,"href":"https:\/\/historieusti2022.ujep.cz\/en\/wp-json\/wp\/v2\/pages\/4266"}],"wp:attachment":[{"href":"https:\/\/historieusti2022.ujep.cz\/en\/wp-json\/wp\/v2\/media?parent=4281"}],"curies":[{"name":"wp","href":"https:\/\/api.w.org\/{rel}","templated":true}]}}