{"id":4279,"date":"2022-05-03T12:44:04","date_gmt":"2022-05-03T11:44:04","guid":{"rendered":"https:\/\/historieusti2022.ujep.cz\/?page_id=4279"},"modified":"2022-09-12T10:26:24","modified_gmt":"2022-09-12T09:26:24","slug":"via-unesco-horni-mesto-krupka","status":"publish","type":"page","link":"https:\/\/historieusti2022.ujep.cz\/en\/doprovodny-program\/via-unesco-horni-mesto-krupka\/","title":{"rendered":"VIA UNESCO: Horn\u00ed m\u011bsto Krupka"},"content":{"rendered":"<p><strong><img loading=\"lazy\" class=\"alignright wp-image-4272\" src=\"https:\/\/historieusti2022.ujep.cz\/wp-content\/uploads\/2022\/05\/image2-623x1024.jpg\" alt=\"\" width=\"404\" height=\"664\" srcset=\"https:\/\/historieusti2022.ujep.cz\/wp-content\/uploads\/2022\/05\/image2-623x1024.jpg 623w, https:\/\/historieusti2022.ujep.cz\/wp-content\/uploads\/2022\/05\/image2-182x300.jpg 182w, https:\/\/historieusti2022.ujep.cz\/wp-content\/uploads\/2022\/05\/image2-768x1263.jpg 768w, https:\/\/historieusti2022.ujep.cz\/wp-content\/uploads\/2022\/05\/image2-934x1536.jpg 934w, https:\/\/historieusti2022.ujep.cz\/wp-content\/uploads\/2022\/05\/image2.jpg 1129w\" sizes=\"(max-width: 404px) 100vw, 404px\" \/>Kostel sv. Anny, farn\u00ed kostel Nanebevzet\u00ed Panny Marie, \u0161tola Star\u00fd Martin.<\/strong><\/p>\n<p><strong>Garantka:<\/strong> Mgr. T\u00e1\u0148a \u0160imkov\u00e1, Ph.D., Centrum dokumentace a digitalizace FF UJEP<\/p>\n<p><strong>Term\u00edn<\/strong>: \u010dtvrtek 22. 9., odjezd z kampusu UJEP v 15.00 hod., n\u00e1vrat do kampusu UJEP cca v 19.00 hod. se zast\u00e1vkou u Hlavn\u00edho n\u00e1dra\u017e\u00ed v \u00dast\u00ed nad Labem.<\/p>\n<div style=\"max-width: 480px\" class=\"alert alert-danger\" role=\"alert\"><h5>You have to be logged in to apply for the training program<\/h5><hr><p class=\"mb-0\">Please <a href='\/profil'>sign into<\/a> your profile and visit thist page again<\/p><\/div>\n<p><strong>\u00a0<\/strong><\/p>\n<p>Tradice z\u00edsk\u00e1v\u00e1n\u00ed c\u00ednu v\u00a0oblasti horn\u00edho m\u011bsta Krupky, le\u017e\u00edc\u00edho v kl\u00ednu kru\u0161nohorsk\u00e9ho \u00fadol\u00ed, sah\u00e1 a\u017e do doby bronzov\u00e9. Vlastn\u00ed historie m\u011bsta se za\u010dala ps\u00e1t kolem poloviny 13. stolet\u00ed, kdy byla v\u00a0m\u00edst\u011b dne\u0161n\u00edho kostela sv. Prokopa zalo\u017eena hornick\u00e1 osada. V\u00a0roce 1305 je m\u011bsto poprv\u00e9 zm\u00edn\u011bno v\u00a0p\u00edsemn\u00fdch pramenech, o n\u011bco pozd\u011bji je nad \u00fadol\u00edm vystav\u011bn kr\u00e1lovsk\u00fd hrad st\u0159e\u017e\u00edc\u00ed d\u016fle\u017eit\u00fd pr\u016fchod hranice mezi \u010cechami a Saskem. Ten je spole\u010dn\u011b s\u00a0m\u011bstem v\u00a0roce 1330 zaps\u00e1n Koldic\u016fm z\u00a0Koldic, \u010d\u00edm\u017e za\u010dalo dlouh\u00e9 obdob\u00ed vl\u00e1dy tohoto rodu kon\u010d\u00edc\u00ed a\u017e v\u00a0roce 1504. B\u011bhem n\u00ed se rozv\u00edjela t\u011b\u017eba c\u00ednu i m\u011bsto samotn\u00e9. Symbolem s\u00edl\u00edc\u00edho sebev\u011bdom\u00ed a prosperity m\u011bsta se stal zejm\u00e9na kostel Nanebevzet\u00ed Panny Marie, vystav\u011bn\u00fd kolem roku 1352 a p\u0159estav\u011bn\u00fd po po\u017e\u00e1ru m\u011bsta v\u00a0duchu sask\u00e9 pozdn\u00ed gotiky v\u00a0letech 1479\u20131488, z\u0159ejm\u011b pod veden\u00edm v\u00fdznamn\u00e9ho sask\u00e9ho stavitele Konr\u00e1da Pfl\u00fcgera. V\u00a0roce 1504 skon\u010dila koldick\u00e1 dr\u017eba Krupky odprodejem Jind\u0159ichovi ze \u0160lejnic a za\u010dala pom\u011brn\u011b turbulentn\u00ed doba rychle se st\u0159\u00eddaj\u00edc\u00edch dr\u017eitel\u016f, ukon\u010den\u00e1 v\u00a0roce 1579 vykoupen\u00edm Krupky do stavu svobodn\u00e9ho kr\u00e1lovsk\u00e9ho horn\u00edho m\u011bsta. Bou\u0159liv\u00fdm v\u00fdvojem pro\u0161lo m\u011bsto i z\u00a0hlediska n\u00e1bo\u017eensk\u00e9ho v\u00fdvoje, kdy se v\u00a0pr\u016fb\u011bhu 16. stolet\u00ed p\u0159iklonilo k\u00a0luter\u00e1nstv\u00ed. Symbolem nov\u011b etablovan\u00e9 v\u00edry se stal kostel sv. Anny, vystav\u011bn\u00fd na n\u00e1klady m\u011b\u0161\u0165an\u016f ji\u017e v\u00a0roce 1516 jako katolick\u00fd. Kostel byl nicm\u00e9n\u011b nevyu\u017e\u00edvan\u00fd a\u017e do roku 1576, kdy jej p\u0159evzali luter\u00e1ni, stavebn\u011b jej upravili a vyu\u017e\u00edvali a\u017e do roku 1624, kdy z\u00a0m\u011bsta ode\u0161el posledn\u00ed luter\u00e1nsk\u00fd kazatel. Nejzaj\u00edmav\u011bj\u0161\u00ed upom\u00ednkou na evangelickou etapu kostela je bezesporu malba na triumf\u00e1ln\u00edm oblouku zachycuj\u00edc\u00ed Martina Luthera rozkro\u010den\u00e9ho nad reli\u00e9fem Kru\u0161n\u00fdch hor. N\u00e1sleduj\u00edc\u00ed obdob\u00ed je spojeno s\u00a0postupn\u00fdm \u00fatlumem t\u011b\u017eby a stagnac\u00ed m\u011bsta. Ta byla p\u0159eru\u0161ena v\u00a018. stolet\u00ed, kdy se krupsk\u00e9 doly nadechly k\u00a0druh\u00e9mu \u017eivotu. Jsou otev\u00edr\u00e1ny nov\u00e9 \u0161toly, do d\u016fln\u00edho podnik\u00e1n\u00ed se postupn\u011b zapojuj\u00ed soukrom\u00ed podnikatel\u00e9. V\u00a0roce 1864 je otev\u0159ena dodnes p\u0159\u00edstupn\u00e1 \u0161tola Star\u00fd Martin, s\u00a0jej\u00ed\u017e ra\u017ebou zapo\u010dali d\u016fln\u00ed podnikatel\u00e9 Lewald a Schiller. \u0160tola, kter\u00e1 je svou d\u00e9lkou nejdel\u0161\u00ed c\u00ednovou rudnou \u017eilou v\u00a0\u010cR i st\u0159edn\u00ed Evrop\u011b, slou\u017eila sv\u00e9mu \u00fa\u010delu a\u017e do roku 1922. Dnes slou\u017e\u00ed jako prohl\u00eddkov\u00e1 \u0161tola pod\u00e1vaj\u00edc\u00ed v\u00fdmluvn\u00e9 sv\u011bdectv\u00ed o minulosti horn\u00edho m\u011bsta. V\u00fdjime\u010dnost a komplexnost dochovan\u00fdch pam\u00e1tek, atmosf\u00e9ra m\u011bsta a \u010diteln\u00e1, intaktn\u011b zachovan\u00e1 hornick\u00e1 krajina \u2013 to v\u0161e p\u0159isp\u011blo v\u00a0roce 2019 k\u00a0\u00fasp\u011b\u0161n\u00e9mu zaps\u00e1n\u00ed Krupky na seznam pam\u00e1tek UNESCO v\u00a0r\u00e1mci Hornick\u00e9ho regionu Erzgebirge\/Kru\u0161noho\u0159\u00ed.<\/p>","protected":false},"excerpt":{"rendered":"<p>Kostel sv. Anny, farn\u00ed kostel Nanebevzet\u00ed Panny Marie, \u0161tola Star\u00fd Martin. Garantka: Mgr. T\u00e1\u0148a \u0160imkov\u00e1, Ph.D., Centrum dokumentace a digitalizace FF UJEP Term\u00edn: \u010dtvrtek 22. 9., odjezd z kampusu UJEP v 15.00 hod., n\u00e1vrat do kampusu UJEP cca v 19.00 hod. se zast\u00e1vkou u Hlavn\u00edho n\u00e1dra\u017e\u00ed v \u00dast\u00ed nad Labem. \u00a0 Tradice z\u00edsk\u00e1v\u00e1n\u00ed c\u00ednu v\u00a0oblasti [&hellip;]<\/p>\n","protected":false},"author":1,"featured_media":0,"parent":4266,"menu_order":0,"comment_status":"closed","ping_status":"closed","template":"","meta":[],"_links":{"self":[{"href":"https:\/\/historieusti2022.ujep.cz\/en\/wp-json\/wp\/v2\/pages\/4279"}],"collection":[{"href":"https:\/\/historieusti2022.ujep.cz\/en\/wp-json\/wp\/v2\/pages"}],"about":[{"href":"https:\/\/historieusti2022.ujep.cz\/en\/wp-json\/wp\/v2\/types\/page"}],"author":[{"embeddable":true,"href":"https:\/\/historieusti2022.ujep.cz\/en\/wp-json\/wp\/v2\/users\/1"}],"replies":[{"embeddable":true,"href":"https:\/\/historieusti2022.ujep.cz\/en\/wp-json\/wp\/v2\/comments?post=4279"}],"version-history":[{"count":4,"href":"https:\/\/historieusti2022.ujep.cz\/en\/wp-json\/wp\/v2\/pages\/4279\/revisions"}],"predecessor-version":[{"id":11744,"href":"https:\/\/historieusti2022.ujep.cz\/en\/wp-json\/wp\/v2\/pages\/4279\/revisions\/11744"}],"up":[{"embeddable":true,"href":"https:\/\/historieusti2022.ujep.cz\/en\/wp-json\/wp\/v2\/pages\/4266"}],"wp:attachment":[{"href":"https:\/\/historieusti2022.ujep.cz\/en\/wp-json\/wp\/v2\/media?parent=4279"}],"curies":[{"name":"wp","href":"https:\/\/api.w.org\/{rel}","templated":true}]}}