{"id":342,"date":"2016-10-29T20:06:59","date_gmt":"2016-10-29T19:06:59","guid":{"rendered":"https:\/\/historieusti2022.cz\/?page_id=342"},"modified":"2016-10-30T15:03:34","modified_gmt":"2016-10-30T14:03:34","slug":"login","status":"publish","type":"page","link":"https:\/\/historieusti2022.ujep.cz\/en\/login\/","title":{"rendered":"P\u0159ihl\u00e1\u0161en\u00ed"},"content":{"rendered":"","protected":false},"excerpt":{"rendered":"","protected":false},"author":1,"featured_media":0,"parent":0,"menu_order":0,"comment_status":"closed","ping_status":"closed","template":"","meta":[],"_links":{"self":[{"href":"https:\/\/historieusti2022.ujep.cz\/en\/wp-json\/wp\/v2\/pages\/342"}],"collection":[{"href":"https:\/\/historieusti2022.ujep.cz\/en\/wp-json\/wp\/v2\/pages"}],"about":[{"href":"https:\/\/historieusti2022.ujep.cz\/en\/wp-json\/wp\/v2\/types\/page"}],"author":[{"embeddable":true,"href":"https:\/\/historieusti2022.ujep.cz\/en\/wp-json\/wp\/v2\/users\/1"}],"replies":[{"embeddable":true,"href":"https:\/\/historieusti2022.ujep.cz\/en\/wp-json\/wp\/v2\/comments?post=342"}],"version-history":[{"count":3,"href":"https:\/\/historieusti2022.ujep.cz\/en\/wp-json\/wp\/v2\/pages\/342\/revisions"}],"predecessor-version":[{"id":428,"href":"https:\/\/historieusti2022.ujep.cz\/en\/wp-json\/wp\/v2\/pages\/342\/revisions\/428"}],"wp:attachment":[{"href":"https:\/\/historieusti2022.ujep.cz\/en\/wp-json\/wp\/v2\/media?parent=342"}],"curies":[{"name":"wp","href":"https:\/\/api.w.org\/{rel}","templated":true}]}}