{"id":2654,"date":"2021-09-09T19:44:10","date_gmt":"2021-09-09T18:44:10","guid":{"rendered":"https:\/\/historieusti2022.cz\/?page_id=2654"},"modified":"2022-10-24T07:22:50","modified_gmt":"2022-10-24T06:22:50","slug":"hlavni-stranka","status":"publish","type":"page","link":"https:\/\/historieusti2022.ujep.cz\/en\/","title":{"rendered":"Homepage"},"content":{"rendered":"<p>Dear Colleagues,<\/p>\n<p>We cordially invite you to the 12th meeting of a community of Czech historians, which this time will take place<strong> in \u00dast\u00ed nad Labem on September 20-22, 2022<\/strong>. In cooperation with \u00a0Sdru\u017een\u00ed historik\u016f \u010cR (Association of Historians of the Czech Republic), the Department of History and the Department of Archival Science and Auxiliary Sciences of History of the Faculty of Arts of the Jan Evangelista Purkyn\u011b University in \u00dast\u00ed nad Labem will participate in its organization. Not only historians from academic and other expert workplaces are invited to the university campus, but also colleagues from related fields or history teachers.<\/p>\n<p>We would like to build on all previous meetings that have a long tradition. At the same time, we would like to respond to how recently not only historical, but all humanities disciplines have been marginalized within the system of evaluation and financing of science. That is why we have chosen topics for the plenary session of the congress with which we would like to emphasize the irreplaceable role of history and historical research in the context of the humanities and their significance for society:<\/p>\n<ul>\n<li>The Importance of Humanities Education in History<\/li>\n<li>Three Decades of Historical Research in the Czech Republic<\/li>\n<li>History in Public Space. Neutrality, Instrumentalization, and Application<\/li>\n<\/ul>\n<p>The \u00dast\u00ed meeting will be based on proven congress concepts and will also offer, with respect to the pluralistic nature of historical research, the possibility of free panels, the topics of which will arise from a community of historians. In addition to the traditional announcement of the Josef Peka\u0159 Award, you can also look forward to a doctoral poster section, lectures and a special section for foreign guests, workshops for history teachers, and a rich accompanying programme. Its goal will be not only to show guests the often hidden beauties of the city of \u00dast\u00ed nad Labem, but also to present it as an exceptional, not excluded location. Part of the accompanying programme will be the opportunity to see the exhibition <em>Na\u0161i N\u011bmci<\/em> (<em>Our Germans<\/em>).<\/p>\n<p>We believe that although we are still facing a global pandemic during the preparations for the congress, next year the meeting will take place freely, without restrictions, or emergency measures.<\/p>\n<p>We look forward to seeing you in \u00dast\u00ed nad Labem!<\/p>\n<h3><b>Organizers:<\/b><\/h3>\n<ul>\n<li><a href=\"https:\/\/www.ujep.cz\/cs\/\"><span style=\"font-weight: 400;\">Univerzita Jana Evangelisty Purkyn\u011b v \u00dast\u00ed nad Labem<\/span><\/a><\/li>\n<li><a href=\"http:\/\/ff.ujep.cz\/\"><span style=\"font-weight: 400;\">Filozofick\u00e1 fakulta UJEP<\/span><\/a><\/li>\n<li><a href=\"http:\/\/www.sdruzenihistoriku.cz\/index.html\"><span style=\"font-weight: 400;\">Sdru\u017een\u00ed historik\u016f \u010cR &#8211; Historick\u00fd klub 1872<\/span><\/a><\/li>\n<\/ul>\n<h3><b>Organization Committee:<\/b><\/h3>\n<p><b>Fakulty of Arts of Jan Evangelista Purkyn\u011b University (Filozofick\u00e1 fakulta, Univerzita J. E. Purkyn\u011b v \u00dast\u00ed nad Labem)<\/b><\/p>\n<ul>\n<li style=\"font-weight: 400;\" aria-level=\"1\"><span style=\"font-weight: 400;\">Doc. PhDr. V\u00e1clav Dr\u0161ka, Ph.D.<\/span><\/li>\n<li style=\"font-weight: 400;\" aria-level=\"1\"><span style=\"font-weight: 400;\">Prof. PhDr. Michaela Hrub\u00e1, Ph.D.<\/span><\/li>\n<li style=\"font-weight: 400;\" aria-level=\"1\"><span style=\"font-weight: 400;\">Mgr. Stanislava Musilov\u00e1, Ph.D. (LEXIKON)<\/span><\/li>\n<li aria-level=\"1\">Mgr. T\u00e1\u0148a \u0160imkov\u00e1, Ph.D.<\/li>\n<li style=\"font-weight: 400;\" aria-level=\"1\"><span style=\"font-weight: 400;\">Mgr. David Tom\u00ed\u010dek, Ph.D.<\/span><\/li>\n<li aria-level=\"1\">Mgr. Tom\u00e1\u0161 Veli\u010dka, Ph.D.<\/li>\n<li style=\"font-weight: 400;\" aria-level=\"1\"><span style=\"font-weight: 400;\">Doc. Mgr. Martin Vesel\u00fd, Ph.D.<\/span><\/li>\n<li style=\"font-weight: 400;\" aria-level=\"1\"><span style=\"font-weight: 400;\">Mgr. Vil\u00e9m Z\u00e1bransk\u00fd, Ph.D.<\/span><\/li>\n<\/ul>\n<p><strong>Association of Czech Historians<\/strong><\/p>\n<ul>\n<li style=\"font-weight: 400;\" aria-level=\"1\"><span style=\"font-weight: 400;\">Prof. PhDr. Martin Hol\u00fd, Ph.D.<\/span><\/li>\n<li style=\"font-weight: 400;\" aria-level=\"1\"><span style=\"font-weight: 400;\">Prof. PhDr. Michaela Hrub\u00e1, Ph.D.\u00a0<\/span><\/li>\n<li style=\"font-weight: 400;\" aria-level=\"1\"><span style=\"font-weight: 400;\">Prof. PhDr. Ji\u0159\u00ed Kocian, CSc.<\/span><\/li>\n<li style=\"font-weight: 400;\" aria-level=\"1\"><span style=\"font-weight: 400;\">Doc. PhDr. V\u00e1clav Ledvinka, CSc.<\/span><\/li>\n<li style=\"font-weight: 400;\" aria-level=\"1\"><span style=\"font-weight: 400;\">Doc. Mgr. Tom\u00e1\u0161 Mal\u00fd, Ph.D.<\/span><\/li>\n<li style=\"font-weight: 400;\" aria-level=\"1\"><span style=\"font-weight: 400;\">Prof. PhDr. Jaroslav P\u00e1nek, DrSc.<\/span><\/li>\n<li style=\"font-weight: 400;\" aria-level=\"1\"><span style=\"font-weight: 400;\">Doc. PhDr. Marie Ryantov\u00e1, CSc.<\/span><\/li>\n<li style=\"font-weight: 400;\" aria-level=\"1\"><span style=\"font-weight: 400;\">Prof. PhDr. Petr Vorel, CSc.<\/span><\/li>\n<\/ul>\n<p><strong>Fakulty of Arts of Palack\u00fd University Olomouc (Filozofick\u00e1 fakulta, Univerzita Palack\u00e9ho v Olomouci)<\/strong><\/p>\n<ul>\n<li><span style=\"font-weight: 400;\">Doc. Mgr. Radmila \u0160va\u0159\u00ed\u010dkov\u00e1 Slab\u00e1kov\u00e1, Ph.D.<\/span><\/li>\n<\/ul>\n<h3><b>Past Congresses of Czechoslovak\/Czech Historians:<\/b><\/h3>\n<ol>\n<li><span style=\"font-weight: 400;\">sjezd \u010deskoslovensk\u00fdch historik\u016f, Praha, z\u00e1\u0159\u00ed 1937<\/span><\/li>\n<li><span style=\"font-weight: 400;\">sjezd \u010deskoslovensk\u00fdch historik\u016f, Praha, 5. &#8211; 11. \u0159\u00edjna 1947<\/span><\/li>\n<li><span style=\"font-weight: 400;\">sjezd \u010deskoslovensk\u00fdch historik\u016f, Praha, 16. &#8211; 19. z\u00e1\u0159\u00ed 1959<\/span><\/li>\n<li><span style=\"font-weight: 400;\">sjezd \u010deskoslovensk\u00fdch historik\u016f, Brno, 27. &#8211; 29. z\u00e1\u0159\u00ed 1966<\/span><\/li>\n<li><span style=\"font-weight: 400;\">sjezd \u010deskoslovensk\u00fdch historik\u016f, Praha, 19. &#8211; 21. \u00fanora 1982<\/span><\/li>\n<li><span style=\"font-weight: 400;\">sjezd \u010deskoslovensk\u00fdch historik\u016f, Praha, 9. &#8211; 11. \u00fanora 1989<\/span><\/li>\n<li><span style=\"font-weight: 400;\">sjezd \u010desk\u00fdch historik\u016f, Praha, 24. &#8211; 26. z\u00e1\u0159\u00ed 1993<\/span><\/li>\n<li><span style=\"font-weight: 400;\">sjezd \u010desk\u00fdch historik\u016f, Hradec Kr\u00e1lov\u00e9, 10. &#8211; 12. z\u00e1\u0159\u00ed 1999<\/span><\/li>\n<li><span style=\"font-weight: 400;\">sjezd \u010desk\u00fdch historik\u016f, Pardubice, 6. &#8211; 8. z\u00e1\u0159\u00ed 2006<\/span><\/li>\n<li><a href=\"https:\/\/konference.osu.cz\/sjezd2011ostrava\/3_zakladni-informace.html\"><span style=\"font-weight: 400;\">sjezd \u010desk\u00fdch historik\u016f<\/span><\/a><span style=\"font-weight: 400;\">, Ostrava, 14. &#8211; 16. z\u00e1\u0159\u00ed 2011<\/span><\/li>\n<li><a href=\"http:\/\/historieolomouc2017.upol.cz\/\"><span style=\"font-weight: 400;\">sjezd \u010desk\u00fdch historik\u016f. Profesn\u00ed setk\u00e1n\u00ed histori\u010dek a historik\u016f<\/span><\/a><span style=\"font-weight: 400;\"> \u010cesk\u00e9 republiky<\/span><span style=\"font-weight: 400;\">, Olomouc, 13. &#8211; 15. 9. 2017<\/span><\/li>\n<\/ol>\n<p><a href=\"https:\/\/historieusti2022.ujep.cz\/wp-content\/themes\/historie\/images\/plakat.pdf?v=3\" target=\"_blank\" rel=\"noopener\" download=\"\">Poster.<\/a><\/p>\n<p>We will be happy to answer any questions you may have at:\u00a0<a href=\"mailto:historieusti2022@ujep.cz\">historieusti2022@ujep.cz<\/a>.<\/p>","protected":false},"excerpt":{"rendered":"<p>Dear Colleagues, We cordially invite you to the 12th meeting of a community of Czech historians, which this time will take place in \u00dast\u00ed nad Labem on September 20-22, 2022. In cooperation with \u00a0Sdru\u017een\u00ed historik\u016f \u010cR (Association of Historians of the Czech Republic), the Department of History and the Department of Archival Science and Auxiliary [&hellip;]<\/p>\n","protected":false},"author":1,"featured_media":0,"parent":0,"menu_order":0,"comment_status":"closed","ping_status":"closed","template":"template-index.php","meta":[],"_links":{"self":[{"href":"https:\/\/historieusti2022.ujep.cz\/en\/wp-json\/wp\/v2\/pages\/2654"}],"collection":[{"href":"https:\/\/historieusti2022.ujep.cz\/en\/wp-json\/wp\/v2\/pages"}],"about":[{"href":"https:\/\/historieusti2022.ujep.cz\/en\/wp-json\/wp\/v2\/types\/page"}],"author":[{"embeddable":true,"href":"https:\/\/historieusti2022.ujep.cz\/en\/wp-json\/wp\/v2\/users\/1"}],"replies":[{"embeddable":true,"href":"https:\/\/historieusti2022.ujep.cz\/en\/wp-json\/wp\/v2\/comments?post=2654"}],"version-history":[{"count":34,"href":"https:\/\/historieusti2022.ujep.cz\/en\/wp-json\/wp\/v2\/pages\/2654\/revisions"}],"predecessor-version":[{"id":11806,"href":"https:\/\/historieusti2022.ujep.cz\/en\/wp-json\/wp\/v2\/pages\/2654\/revisions\/11806"}],"wp:attachment":[{"href":"https:\/\/historieusti2022.ujep.cz\/en\/wp-json\/wp\/v2\/media?parent=2654"}],"curies":[{"name":"wp","href":"https:\/\/api.w.org\/{rel}","templated":true}]}}