{"id":21,"date":"2016-05-31T07:40:12","date_gmt":"2016-05-31T06:40:12","guid":{"rendered":"https:\/\/historieusti2022.cz\/?page_id=21"},"modified":"2022-01-21T00:53:19","modified_gmt":"2022-01-20T23:53:19","slug":"ubytovani","status":"publish","type":"page","link":"https:\/\/historieusti2022.ujep.cz\/en\/ubytovani\/","title":{"rendered":"Accommodation"},"content":{"rendered":"<p>Capacities at UJEP Dormitories are blocked until 31 May 2022, capacities in other accommodation establishments are blocked until 31 July 2022.<\/p>\n<p>Accommodation is provided by the participants themselves. Capacities at UJEP Dormitories are blocked until 31 May 2022, capacities in other accommodation establishments are blocked until 31 July 2022.<\/p>\n<p>You can find the offer of accommodation options in \u00dast\u00ed nad Labem below (when booking, enter the password: <strong>HISTORIE\u00daST\u00cd<\/strong>).<\/p>","protected":false},"excerpt":{"rendered":"<p>Capacities at UJEP Dormitories are blocked until 31 May 2022, capacities in other accommodation establishments are blocked until 31 July 2022. Accommodation is provided by the participants themselves. Capacities at UJEP Dormitories are blocked until 31 May 2022, capacities in other accommodation establishments are blocked until 31 July 2022. You can find the offer of [&hellip;]<\/p>\n","protected":false},"author":1,"featured_media":0,"parent":0,"menu_order":0,"comment_status":"closed","ping_status":"closed","template":"","meta":[],"_links":{"self":[{"href":"https:\/\/historieusti2022.ujep.cz\/en\/wp-json\/wp\/v2\/pages\/21"}],"collection":[{"href":"https:\/\/historieusti2022.ujep.cz\/en\/wp-json\/wp\/v2\/pages"}],"about":[{"href":"https:\/\/historieusti2022.ujep.cz\/en\/wp-json\/wp\/v2\/types\/page"}],"author":[{"embeddable":true,"href":"https:\/\/historieusti2022.ujep.cz\/en\/wp-json\/wp\/v2\/users\/1"}],"replies":[{"embeddable":true,"href":"https:\/\/historieusti2022.ujep.cz\/en\/wp-json\/wp\/v2\/comments?post=21"}],"version-history":[{"count":21,"href":"https:\/\/historieusti2022.ujep.cz\/en\/wp-json\/wp\/v2\/pages\/21\/revisions"}],"predecessor-version":[{"id":3040,"href":"https:\/\/historieusti2022.ujep.cz\/en\/wp-json\/wp\/v2\/pages\/21\/revisions\/3040"}],"wp:attachment":[{"href":"https:\/\/historieusti2022.ujep.cz\/en\/wp-json\/wp\/v2\/media?parent=21"}],"curies":[{"name":"wp","href":"https:\/\/api.w.org\/{rel}","templated":true}]}}