{"id":11,"date":"2016-05-31T07:38:42","date_gmt":"2016-05-31T06:38:42","guid":{"rendered":"https:\/\/historieusti2022.cz\/?page_id=11"},"modified":"2022-09-21T11:30:52","modified_gmt":"2022-09-21T10:30:52","slug":"program-sjezdu","status":"publish","type":"page","link":"https:\/\/historieusti2022.ujep.cz\/en\/program-sjezdu\/","title":{"rendered":"Program"},"content":{"rendered":"<p>This is an indicative overview program. Detailed program of the main sections can be found under the link <a href=\"https:\/\/historieusti2022.ujep.cz\/hlavni-zasedani\/\">Main Sessions<\/a>, detailed program of free panels under the link <a href=\"https:\/\/historieusti2022.ujep.cz\/kongresove-volne-panely\/\">Free Panels.<\/a><\/p>\n<h3>Tuesday 20 September 2022<\/h3>\n<ul>\n<li><strong>Registration<\/strong>: <strong>9.00\u201312.00<\/strong> in the atrium of the Faculty of Arts UJEP, Pasteurova 13 (permanent registration during the entire congress and congress information centre).<\/li>\n<\/ul>\n<h4>Afternoon session: 12.00\u201317.40 (UJEP campus)<\/h4>\n<ul>\n<li>Main session, free panels: 12.00\u201313.40<\/li>\n<li><em>Coffee and tea break: 13.40\u201314.00<\/em><\/li>\n<li>Main session, free panels: 14.00\u201315.40<\/li>\n<li><em>Coffee and tea breaks: 15.40\u201316.00<\/em><\/li>\n<li>Main session, free panels, round table: 16.00\u201317.40<\/li>\n<\/ul>\n<h4>Evening ceremony: from 19.30 &#8211; North Bohemian Theater of Opera and Ballet, Lidick\u00e9 Square 1710<\/h4>\n<ul>\n<li>Ceremonial opening of the 12th Congress of Czech Historians \u2013 A Professional Meeting of Historians of the Czech Republic<\/li>\n<li><em>Prof<\/em><em>. Alain SOUBIGOU\u02bcs lecture (<\/em>Universit\u00e9 de la Sorbonne PARIS)<\/li>\n<li>Concert of the North Bohemian Theater Orchestra<\/li>\n<li>Reception<\/li>\n<\/ul>\n<h3>Wednesday 21 September 2022<\/h3>\n<h4>Morning session: 9.00\u201312.40 (UJEP campus)<\/h4>\n<ul>\n<li>Main session, free panels: 9.00\u201310.40<\/li>\n<li><em>Coffee and tea break: 10.40\u201311.00<\/em><\/li>\n<li>Main session, free panels: 11.00\u201312.40<\/li>\n<li><em>Lunch: 12.40\u201314.00<\/em><\/li>\n<\/ul>\n<h4>Afternoon session: 14.00\u201317.40 (UJEP campus)<\/h4>\n<ul>\n<li>Main session, free panels: 14.00\u201315.40<\/li>\n<li><em>Coffee and tea break: 15.40\u201316.00<\/em><\/li>\n<li>Main session, free panels, round tables: 16.00\u201317.40<\/li>\n<\/ul>\n<h4>Evening program from 19.00 in UJEP campus (to be announced).<\/h4>\n<h3>Thursday 22 September 2022<\/h3>\n<h4>Morning session: 8.00\u201311.40 (UJEP campus)<\/h4>\n<ul>\n<li>Main session, free panels, round table: 8.00\u20139.40<\/li>\n<li><em>Coffee and tea break: 9.40\u201310.00<\/em><\/li>\n<li>Main session, free panels, round table: 10.00\u201311.40<\/li>\n<li><em>Coffee and tea break: 11.40\u201312.00<\/em><\/li>\n<\/ul>\n<h4>Final plenary session: 12.00\u201313.30 (Red Lecture Hall, UJEP campus)<\/h4>\n<h4>13.30 \u2013 farewell lunch reception<\/h4>\n<h4 id=\"doprovodny-program\">Accompanying program (excursions)<\/h4>\n<ul>\n<li><strong><a href=\"https:\/\/historieusti2022.ujep.cz\/doprovodny-program\/barokni-perla-pod-krusnymi-horami-cisterciacky-klaster-v-oseku\/\">Barokn\u00ed perla pod Kru\u0161n\u00fdmi horami. Cisterci\u00e1ck\u00fd kl\u00e1\u0161ter v Oseku<\/a><\/strong><\/li>\n<li><strong><a href=\"https:\/\/historieusti2022.ujep.cz\/doprovodny-program\/via-unesco-horni-mesto-krupka\/\">VIA UNESCO: Horn\u00ed m\u011bsto Krupka<\/a><\/strong><\/li>\n<li><strong><a href=\"https:\/\/historieusti2022.ujep.cz\/doprovodny-program\/pamet-holocaustu-terezin\/\">Pam\u011b\u0165 holocaustu: Terez\u00edn<\/a><\/strong><\/li>\n<li><strong><a href=\"https:\/\/historieusti2022.ujep.cz\/doprovodny-program\/po-stopach-saske-renesance\/\">Po stop\u00e1ch sask\u00e9 renesance<\/a><\/strong><\/li>\n<li><strong><a href=\"https:\/\/historieusti2022.ujep.cz\/doprovodny-program\/za-hrabetem-chotkem-a-tak-trochu-viktorem-cibichem\/\">Za hrab\u011btem Chotkem (a tak trochu Viktorem Cibichem)<\/a><\/strong><\/li>\n<li><strong><a href=\"https:\/\/historieusti2022.ujep.cz\/doprovodny-program\/rezidence-biskupu-i-hrde-kralovske-mesto-litomerice\/\">Rezidence biskup\u016f i hrd\u00e9 kr\u00e1lovsk\u00e9 m\u011bsto: Litom\u011b\u0159ice<\/a><\/strong><\/li>\n<li><strong><a href=\"https:\/\/historieusti2022.ujep.cz\/doprovodny-program\/komentovane-prohlidky-muzea-mesta-usti-nad-labem-expozice-nasi-nemci\/\">Komentovan\u00e9 prohl\u00eddky Muzea m\u011bsta \u00dast\u00ed nad Labem \u2013 expozice Na\u0161i N\u011bmci<\/a><\/strong><\/li>\n<li><strong><a href=\"https:\/\/historieusti2022.ujep.cz\/doprovodny-program\/komentovana-prochazka-po-klisi-okoli-kampusu-plne-prekvapeni\/\">Komentovan\u00e1 proch\u00e1zka po Kl\u00ed\u0161i \u2013 okol\u00ed kampusu pln\u00e9 p\u0159ekvapen\u00ed<\/a><\/strong><\/li>\n<\/ul>\n<p><\/p>","protected":false},"excerpt":{"rendered":"<p>This is an indicative overview program. Detailed program of the main sections can be found under the link Main Sessions, detailed program of free panels under the link Free Panels. Tuesday 20 September 2022 Registration: 9.00\u201312.00 in the atrium of the Faculty of Arts UJEP, Pasteurova 13 (permanent registration during the entire congress and congress [&hellip;]<\/p>\n","protected":false},"author":1,"featured_media":0,"parent":0,"menu_order":0,"comment_status":"closed","ping_status":"closed","template":"","meta":[],"_links":{"self":[{"href":"https:\/\/historieusti2022.ujep.cz\/en\/wp-json\/wp\/v2\/pages\/11"}],"collection":[{"href":"https:\/\/historieusti2022.ujep.cz\/en\/wp-json\/wp\/v2\/pages"}],"about":[{"href":"https:\/\/historieusti2022.ujep.cz\/en\/wp-json\/wp\/v2\/types\/page"}],"author":[{"embeddable":true,"href":"https:\/\/historieusti2022.ujep.cz\/en\/wp-json\/wp\/v2\/users\/1"}],"replies":[{"embeddable":true,"href":"https:\/\/historieusti2022.ujep.cz\/en\/wp-json\/wp\/v2\/comments?post=11"}],"version-history":[{"count":62,"href":"https:\/\/historieusti2022.ujep.cz\/en\/wp-json\/wp\/v2\/pages\/11\/revisions"}],"predecessor-version":[{"id":11772,"href":"https:\/\/historieusti2022.ujep.cz\/en\/wp-json\/wp\/v2\/pages\/11\/revisions\/11772"}],"wp:attachment":[{"href":"https:\/\/historieusti2022.ujep.cz\/en\/wp-json\/wp\/v2\/media?parent=11"}],"curies":[{"name":"wp","href":"https:\/\/api.w.org\/{rel}","templated":true}]}}